{"id":282,"date":"2022-05-24T16:09:47","date_gmt":"2022-05-24T19:09:47","guid":{"rendered":"http:\/\/gtautomoveislimeira.com.br\/?page_id=282"},"modified":"2024-03-01T12:37:22","modified_gmt":"2024-03-01T15:37:22","slug":"quem-somos","status":"publish","type":"page","link":"https:\/\/gtautomoveislimeira.com.br\/index.php\/quem-somos\/","title":{"rendered":"Quem Somos"},"content":{"rendered":"\t\t<div data-elementor-type=\"wp-page\" data-elementor-id=\"282\" class=\"elementor elementor-282\" data-elementor-post-type=\"page\">\n\t\t\t\t\t\t<section class=\"elementor-section elementor-top-section elementor-element elementor-element-3a578d75 elementor-section-boxed elementor-section-height-default elementor-section-height-default\" data-id=\"3a578d75\" data-element_type=\"section\" data-e-type=\"section\">\n\t\t\t\t\t\t<div class=\"elementor-container elementor-column-gap-default\">\n\t\t\t\t\t<div class=\"elementor-column elementor-col-50 elementor-top-column elementor-element elementor-element-147f7c65\" data-id=\"147f7c65\" data-element_type=\"column\" data-e-type=\"column\">\n\t\t\t<div class=\"elementor-widget-wrap elementor-element-populated\">\n\t\t\t\t\t\t<div class=\"elementor-element elementor-element-3d854b7 elementor-widget elementor-widget-heading\" data-id=\"3d854b7\" data-element_type=\"widget\" data-e-type=\"widget\" data-widget_type=\"heading.default\">\n\t\t\t\t<div class=\"elementor-widget-container\">\n\t\t\t\t\t<h2 class=\"elementor-heading-title elementor-size-default\">QUEM SOMOS<\/h2>\t\t\t\t<\/div>\n\t\t\t\t<\/div>\n\t\t\t\t<div class=\"elementor-element elementor-element-6ae3633a elementor-widget elementor-widget-text-editor\" data-id=\"6ae3633a\" data-element_type=\"widget\" data-e-type=\"widget\" data-widget_type=\"text-editor.default\">\n\t\t\t\t<div class=\"elementor-widget-container\">\n\t\t\t\t\t\t\t\t\t<p>Fundada em 2016, a GT-AUTOM\u00d3VEIS \u00e9 uma empresa especializada na comercializa\u00e7\u00e3o de ve\u00edculos novos e semi-novos. Nossa loja\u00a0 est\u00e1 localizada na rua: Bar\u00e3o de Campinas N\u00b01083.<\/p><p>Nossa loja conta com um espa\u00e7o moderno e sofisticado para melhor atender nossos clientes, parceiros e amigos, mantendo a tradi\u00e7\u00e3o e buscando ser refer\u00eancia no mercado local e nacional para compra e venda de carros.<\/p><p>\u00a0<\/p>\t\t\t\t\t\t\t\t<\/div>\n\t\t\t\t<\/div>\n\t\t\t\t\t<\/div>\n\t\t<\/div>\n\t\t\t\t<div class=\"elementor-column elementor-col-50 elementor-top-column elementor-element elementor-element-7bb839be elementor-invisible\" data-id=\"7bb839be\" data-element_type=\"column\" data-e-type=\"column\" data-settings=\"{&quot;animation&quot;:&quot;fadeIn&quot;}\">\n\t\t\t<div class=\"elementor-widget-wrap elementor-element-populated\">\n\t\t\t\t\t\t<div class=\"elementor-element elementor-element-45cd4ff3 elementor-invisible elementor-widget elementor-widget-image\" data-id=\"45cd4ff3\" data-element_type=\"widget\" data-e-type=\"widget\" data-settings=\"{&quot;_animation&quot;:&quot;fadeInRight&quot;}\" data-widget_type=\"image.default\">\n\t\t\t\t<div class=\"elementor-widget-container\">\n\t\t\t\t\t\t\t\t\t\t\t\t\t\t\t<img fetchpriority=\"high\" decoding=\"async\" width=\"1600\" height=\"1200\" src=\"https:\/\/gtautomoveislimeira.com.br\/wp-content\/uploads\/2023\/10\/TOPP.jpg\" class=\"elementor-animation-shrink attachment-2048x2048 size-2048x2048 wp-image-8516\" alt=\"\" srcset=\"https:\/\/gtautomoveislimeira.com.br\/wp-content\/uploads\/2023\/10\/TOPP.jpg 1600w, https:\/\/gtautomoveislimeira.com.br\/wp-content\/uploads\/2023\/10\/TOPP-300x225.jpg 300w, https:\/\/gtautomoveislimeira.com.br\/wp-content\/uploads\/2023\/10\/TOPP-1024x768.jpg 1024w, https:\/\/gtautomoveislimeira.com.br\/wp-content\/uploads\/2023\/10\/TOPP-768x576.jpg 768w, https:\/\/gtautomoveislimeira.com.br\/wp-content\/uploads\/2023\/10\/TOPP-1536x1152.jpg 1536w, https:\/\/gtautomoveislimeira.com.br\/wp-content\/uploads\/2023\/10\/TOPP-600x450.jpg 600w\" sizes=\"(max-width: 1600px) 100vw, 1600px\" \/>\t\t\t\t\t\t\t\t\t\t\t\t\t\t\t<\/div>\n\t\t\t\t<\/div>\n\t\t\t\t\t<\/div>\n\t\t<\/div>\n\t\t\t\t\t<\/div>\n\t\t<\/section>\n\t\t\t\t<section class=\"elementor-section elementor-top-section elementor-element elementor-element-5d3baa2f elementor-section-content-middle elementor-reverse-mobile elementor-section-boxed elementor-section-height-default elementor-section-height-default\" data-id=\"5d3baa2f\" data-element_type=\"section\" data-e-type=\"section\" data-settings=\"{&quot;background_background&quot;:&quot;classic&quot;}\">\n\t\t\t\t\t\t\t<div class=\"elementor-background-overlay\"><\/div>\n\t\t\t\t\t\t\t<div class=\"elementor-container elementor-column-gap-default\">\n\t\t\t\t\t<div class=\"elementor-column elementor-col-100 elementor-top-column elementor-element elementor-element-5b99d6e0\" data-id=\"5b99d6e0\" data-element_type=\"column\" data-e-type=\"column\">\n\t\t\t<div class=\"elementor-widget-wrap elementor-element-populated\">\n\t\t\t\t\t\t<section class=\"elementor-section elementor-inner-section elementor-element elementor-element-32d35417 elementor-section-boxed elementor-section-height-default elementor-section-height-default\" data-id=\"32d35417\" data-element_type=\"section\" data-e-type=\"section\">\n\t\t\t\t\t\t<div class=\"elementor-container elementor-column-gap-wider\">\n\t\t\t\t\t<div class=\"elementor-column elementor-col-33 elementor-inner-column elementor-element elementor-element-266bc5b6\" data-id=\"266bc5b6\" data-element_type=\"column\" data-e-type=\"column\" data-settings=\"{&quot;background_background&quot;:&quot;classic&quot;}\">\n\t\t\t<div class=\"elementor-widget-wrap elementor-element-populated\">\n\t\t\t\t\t\t<div class=\"elementor-element elementor-element-106590e8 elementor-widget elementor-widget-image-box\" data-id=\"106590e8\" data-element_type=\"widget\" data-e-type=\"widget\" data-widget_type=\"image-box.default\">\n\t\t\t\t<div class=\"elementor-widget-container\">\n\t\t\t\t\t<div class=\"elementor-image-box-wrapper\"><div class=\"elementor-image-box-content\"><h5 class=\"elementor-image-box-title\">MISS\u00c3O<\/h5><p class=\"elementor-image-box-description\">Validar continuamente nosso atendimento e satisfa\u00e7\u00e3o, priorizando o atendimento de qualidade, manter a transpar\u00eancia em todas as etapas da negocia\u00e7\u00e3o e entregar credibilidade e confian\u00e7a. Focando na satisfa\u00e7\u00e3o geral com um servi\u00e7o de qualidade para fidelizar nossos clientes.\n<\/p><\/div><\/div>\t\t\t\t<\/div>\n\t\t\t\t<\/div>\n\t\t\t\t\t<\/div>\n\t\t<\/div>\n\t\t\t\t<div class=\"elementor-column elementor-col-33 elementor-inner-column elementor-element elementor-element-5cce6cc3\" data-id=\"5cce6cc3\" data-element_type=\"column\" data-e-type=\"column\" data-settings=\"{&quot;background_background&quot;:&quot;classic&quot;}\">\n\t\t\t<div class=\"elementor-widget-wrap elementor-element-populated\">\n\t\t\t\t\t\t<div class=\"elementor-element elementor-element-532c913e elementor-widget elementor-widget-image-box\" data-id=\"532c913e\" data-element_type=\"widget\" data-e-type=\"widget\" data-widget_type=\"image-box.default\">\n\t\t\t\t<div class=\"elementor-widget-container\">\n\t\t\t\t\t<div class=\"elementor-image-box-wrapper\"><div class=\"elementor-image-box-content\"><h3 class=\"elementor-image-box-title\">VIS\u00c3O<\/h3><p class=\"elementor-image-box-description\">Aplicar a ess\u00eancia do respeito e lealdade! Nosso prop\u00f3sito \u00e9 fazer a diferen\u00e7a, assim oferecemos sempre os melhores ve\u00edculos e as melhores solu\u00e7\u00f5es para voc\u00ea! Dedica\u00e7\u00e3o e capricho s\u00e3o refer\u00eancias, temos o carro que voc\u00ea procura, com a qualidade que voc\u00ea merece!\n<div><br><\/div><\/p><\/div><\/div>\t\t\t\t<\/div>\n\t\t\t\t<\/div>\n\t\t\t\t\t<\/div>\n\t\t<\/div>\n\t\t\t\t<div class=\"elementor-column elementor-col-33 elementor-inner-column elementor-element elementor-element-300a4170\" data-id=\"300a4170\" data-element_type=\"column\" data-e-type=\"column\" data-settings=\"{&quot;background_background&quot;:&quot;classic&quot;}\">\n\t\t\t<div class=\"elementor-widget-wrap elementor-element-populated\">\n\t\t\t\t\t\t<div class=\"elementor-element elementor-element-1642e2d9 elementor-widget elementor-widget-image-box\" data-id=\"1642e2d9\" data-element_type=\"widget\" data-e-type=\"widget\" data-widget_type=\"image-box.default\">\n\t\t\t\t<div class=\"elementor-widget-container\">\n\t\t\t\t\t<div class=\"elementor-image-box-wrapper\"><div class=\"elementor-image-box-content\"><h3 class=\"elementor-image-box-title\">VALORES<\/h3><p class=\"elementor-image-box-description\">Baseia-se na tradi\u00e7\u00e3o de respeito, transpar\u00eancia, comprometimento, \u00e9tica, dignidade e honestidade com qualidade no setor automotivo.<div><br><\/div><\/p><\/div><\/div>\t\t\t\t<\/div>\n\t\t\t\t<\/div>\n\t\t\t\t\t<\/div>\n\t\t<\/div>\n\t\t\t\t\t<\/div>\n\t\t<\/section>\n\t\t\t\t\t<\/div>\n\t\t<\/div>\n\t\t\t\t\t<\/div>\n\t\t<\/section>\n\t\t\t\t<\/div>\n\t\t","protected":false},"excerpt":{"rendered":"<p>QUEM SOMOS Fundada em 2016, a GT-AUTOM\u00d3VEIS \u00e9 uma empresa especializada na comercializa\u00e7\u00e3o de ve\u00edculos novos e semi-novos. Nossa loja\u00a0 est\u00e1 localizada na rua: Bar\u00e3o de Campinas N\u00b01083. Nossa loja conta com um espa\u00e7o moderno e sofisticado para melhor atender nossos clientes, parceiros e amigos, mantendo a tradi\u00e7\u00e3o e buscando ser refer\u00eancia no mercado local [&hellip;]<\/p>\n","protected":false},"author":1,"featured_media":0,"parent":0,"menu_order":0,"comment_status":"closed","ping_status":"closed","template":"","meta":{"_joinchat":[],"footnotes":""},"class_list":["post-282","page","type-page","status-publish","hentry"],"yoast_head":"<!-- This site is optimized with the Yoast SEO Premium plugin v18.6 (Yoast SEO v27.3) - https:\/\/yoast.com\/product\/yoast-seo-premium-wordpress\/ -->\n<title>Quem Somos - gtautomoveis<\/title>\n<meta name=\"robots\" content=\"index, follow, max-snippet:-1, max-image-preview:large, max-video-preview:-1\" \/>\n<link rel=\"canonical\" href=\"https:\/\/gtautomoveislimeira.com.br\/index.php\/quem-somos\/\" \/>\n<meta property=\"og:locale\" content=\"pt_BR\" \/>\n<meta property=\"og:type\" content=\"article\" \/>\n<meta property=\"og:title\" content=\"Quem Somos\" \/>\n<meta property=\"og:description\" content=\"QUEM SOMOS Fundada em 2016, a GT-AUTOM\u00d3VEIS \u00e9 uma empresa especializada na comercializa\u00e7\u00e3o de ve\u00edculos novos e semi-novos. Nossa loja\u00a0 est\u00e1 localizada na rua: Bar\u00e3o de Campinas N\u00b01083. Nossa loja conta com um espa\u00e7o moderno e sofisticado para melhor atender nossos clientes, parceiros e amigos, mantendo a tradi\u00e7\u00e3o e buscando ser refer\u00eancia no mercado local [&hellip;]\" \/>\n<meta property=\"og:url\" content=\"https:\/\/gtautomoveislimeira.com.br\/index.php\/quem-somos\/\" \/>\n<meta property=\"og:site_name\" content=\"gtautomoveis\" \/>\n<meta property=\"article:publisher\" content=\"https:\/\/www.facebook.com\/people\/Gt-automveis\/100063469242310\/\" \/>\n<meta property=\"article:modified_time\" content=\"2024-03-01T15:37:22+00:00\" \/>\n<meta property=\"og:image\" content=\"http:\/\/gtautomoveislimeira.com.br\/wp-content\/uploads\/2023\/10\/TOPP.jpg\" \/>\n<meta name=\"twitter:card\" content=\"summary_large_image\" \/>\n<meta name=\"twitter:label1\" content=\"Est. tempo de leitura\" \/>\n\t<meta name=\"twitter:data1\" content=\"2 minutos\" \/>\n<script type=\"application\/ld+json\" class=\"yoast-schema-graph\">{\"@context\":\"https:\\\/\\\/schema.org\",\"@graph\":[{\"@type\":\"WebPage\",\"@id\":\"https:\\\/\\\/gtautomoveislimeira.com.br\\\/index.php\\\/quem-somos\\\/\",\"url\":\"https:\\\/\\\/gtautomoveislimeira.com.br\\\/index.php\\\/quem-somos\\\/\",\"name\":\"Quem Somos - gtautomoveis\",\"isPartOf\":{\"@id\":\"https:\\\/\\\/gtautomoveislimeira.com.br\\\/#website\"},\"primaryImageOfPage\":{\"@id\":\"https:\\\/\\\/gtautomoveislimeira.com.br\\\/index.php\\\/quem-somos\\\/#primaryimage\"},\"image\":{\"@id\":\"https:\\\/\\\/gtautomoveislimeira.com.br\\\/index.php\\\/quem-somos\\\/#primaryimage\"},\"thumbnailUrl\":\"http:\\\/\\\/gtautomoveislimeira.com.br\\\/wp-content\\\/uploads\\\/2023\\\/10\\\/TOPP.jpg\",\"datePublished\":\"2022-05-24T19:09:47+00:00\",\"dateModified\":\"2024-03-01T15:37:22+00:00\",\"breadcrumb\":{\"@id\":\"https:\\\/\\\/gtautomoveislimeira.com.br\\\/index.php\\\/quem-somos\\\/#breadcrumb\"},\"inLanguage\":\"pt-BR\",\"potentialAction\":[{\"@type\":\"ReadAction\",\"target\":[\"https:\\\/\\\/gtautomoveislimeira.com.br\\\/index.php\\\/quem-somos\\\/\"]}]},{\"@type\":\"ImageObject\",\"inLanguage\":\"pt-BR\",\"@id\":\"https:\\\/\\\/gtautomoveislimeira.com.br\\\/index.php\\\/quem-somos\\\/#primaryimage\",\"url\":\"https:\\\/\\\/gtautomoveislimeira.com.br\\\/wp-content\\\/uploads\\\/2023\\\/10\\\/TOPP.jpg\",\"contentUrl\":\"https:\\\/\\\/gtautomoveislimeira.com.br\\\/wp-content\\\/uploads\\\/2023\\\/10\\\/TOPP.jpg\",\"width\":1600,\"height\":1200},{\"@type\":\"BreadcrumbList\",\"@id\":\"https:\\\/\\\/gtautomoveislimeira.com.br\\\/index.php\\\/quem-somos\\\/#breadcrumb\",\"itemListElement\":[{\"@type\":\"ListItem\",\"position\":1,\"name\":\"In\u00edcio\",\"item\":\"https:\\\/\\\/gtautomoveislimeira.com.br\\\/\"},{\"@type\":\"ListItem\",\"position\":2,\"name\":\"Quem Somos\"}]},{\"@type\":\"WebSite\",\"@id\":\"https:\\\/\\\/gtautomoveislimeira.com.br\\\/#website\",\"url\":\"https:\\\/\\\/gtautomoveislimeira.com.br\\\/\",\"name\":\"gtautomoveis\",\"description\":\"\",\"publisher\":{\"@id\":\"https:\\\/\\\/gtautomoveislimeira.com.br\\\/#organization\"},\"potentialAction\":[{\"@type\":\"SearchAction\",\"target\":{\"@type\":\"EntryPoint\",\"urlTemplate\":\"https:\\\/\\\/gtautomoveislimeira.com.br\\\/?s={search_term_string}\"},\"query-input\":{\"@type\":\"PropertyValueSpecification\",\"valueRequired\":true,\"valueName\":\"search_term_string\"}}],\"inLanguage\":\"pt-BR\"},{\"@type\":\"Organization\",\"@id\":\"https:\\\/\\\/gtautomoveislimeira.com.br\\\/#organization\",\"name\":\"gtautomoveis\",\"url\":\"https:\\\/\\\/gtautomoveislimeira.com.br\\\/\",\"logo\":{\"@type\":\"ImageObject\",\"inLanguage\":\"pt-BR\",\"@id\":\"https:\\\/\\\/gtautomoveislimeira.com.br\\\/#\\\/schema\\\/logo\\\/image\\\/\",\"url\":\"https:\\\/\\\/gtautomoveislimeira.com.br\\\/wp-content\\\/uploads\\\/2023\\\/03\\\/Design-sem-nome-e1653954456182-768x768-1.png\",\"contentUrl\":\"https:\\\/\\\/gtautomoveislimeira.com.br\\\/wp-content\\\/uploads\\\/2023\\\/03\\\/Design-sem-nome-e1653954456182-768x768-1.png\",\"width\":768,\"height\":768,\"caption\":\"gtautomoveis\"},\"image\":{\"@id\":\"https:\\\/\\\/gtautomoveislimeira.com.br\\\/#\\\/schema\\\/logo\\\/image\\\/\"},\"sameAs\":[\"https:\\\/\\\/www.facebook.com\\\/people\\\/Gt-automveis\\\/100063469242310\\\/\",\"https:\\\/\\\/www.instagram.com\\\/gt.automoveis_limeira\\\/\"]}]}<\/script>\n<!-- \/ Yoast SEO Premium plugin. -->","yoast_head_json":{"title":"Quem Somos - gtautomoveis","robots":{"index":"index","follow":"follow","max-snippet":"max-snippet:-1","max-image-preview":"max-image-preview:large","max-video-preview":"max-video-preview:-1"},"canonical":"https:\/\/gtautomoveislimeira.com.br\/index.php\/quem-somos\/","og_locale":"pt_BR","og_type":"article","og_title":"Quem Somos","og_description":"QUEM SOMOS Fundada em 2016, a GT-AUTOM\u00d3VEIS \u00e9 uma empresa especializada na comercializa\u00e7\u00e3o de ve\u00edculos novos e semi-novos. Nossa loja\u00a0 est\u00e1 localizada na rua: Bar\u00e3o de Campinas N\u00b01083. Nossa loja conta com um espa\u00e7o moderno e sofisticado para melhor atender nossos clientes, parceiros e amigos, mantendo a tradi\u00e7\u00e3o e buscando ser refer\u00eancia no mercado local [&hellip;]","og_url":"https:\/\/gtautomoveislimeira.com.br\/index.php\/quem-somos\/","og_site_name":"gtautomoveis","article_publisher":"https:\/\/www.facebook.com\/people\/Gt-automveis\/100063469242310\/","article_modified_time":"2024-03-01T15:37:22+00:00","og_image":[{"url":"http:\/\/gtautomoveislimeira.com.br\/wp-content\/uploads\/2023\/10\/TOPP.jpg","type":"","width":"","height":""}],"twitter_card":"summary_large_image","twitter_misc":{"Est. tempo de leitura":"2 minutos"},"schema":{"@context":"https:\/\/schema.org","@graph":[{"@type":"WebPage","@id":"https:\/\/gtautomoveislimeira.com.br\/index.php\/quem-somos\/","url":"https:\/\/gtautomoveislimeira.com.br\/index.php\/quem-somos\/","name":"Quem Somos - gtautomoveis","isPartOf":{"@id":"https:\/\/gtautomoveislimeira.com.br\/#website"},"primaryImageOfPage":{"@id":"https:\/\/gtautomoveislimeira.com.br\/index.php\/quem-somos\/#primaryimage"},"image":{"@id":"https:\/\/gtautomoveislimeira.com.br\/index.php\/quem-somos\/#primaryimage"},"thumbnailUrl":"http:\/\/gtautomoveislimeira.com.br\/wp-content\/uploads\/2023\/10\/TOPP.jpg","datePublished":"2022-05-24T19:09:47+00:00","dateModified":"2024-03-01T15:37:22+00:00","breadcrumb":{"@id":"https:\/\/gtautomoveislimeira.com.br\/index.php\/quem-somos\/#breadcrumb"},"inLanguage":"pt-BR","potentialAction":[{"@type":"ReadAction","target":["https:\/\/gtautomoveislimeira.com.br\/index.php\/quem-somos\/"]}]},{"@type":"ImageObject","inLanguage":"pt-BR","@id":"https:\/\/gtautomoveislimeira.com.br\/index.php\/quem-somos\/#primaryimage","url":"https:\/\/gtautomoveislimeira.com.br\/wp-content\/uploads\/2023\/10\/TOPP.jpg","contentUrl":"https:\/\/gtautomoveislimeira.com.br\/wp-content\/uploads\/2023\/10\/TOPP.jpg","width":1600,"height":1200},{"@type":"BreadcrumbList","@id":"https:\/\/gtautomoveislimeira.com.br\/index.php\/quem-somos\/#breadcrumb","itemListElement":[{"@type":"ListItem","position":1,"name":"In\u00edcio","item":"https:\/\/gtautomoveislimeira.com.br\/"},{"@type":"ListItem","position":2,"name":"Quem Somos"}]},{"@type":"WebSite","@id":"https:\/\/gtautomoveislimeira.com.br\/#website","url":"https:\/\/gtautomoveislimeira.com.br\/","name":"gtautomoveis","description":"","publisher":{"@id":"https:\/\/gtautomoveislimeira.com.br\/#organization"},"potentialAction":[{"@type":"SearchAction","target":{"@type":"EntryPoint","urlTemplate":"https:\/\/gtautomoveislimeira.com.br\/?s={search_term_string}"},"query-input":{"@type":"PropertyValueSpecification","valueRequired":true,"valueName":"search_term_string"}}],"inLanguage":"pt-BR"},{"@type":"Organization","@id":"https:\/\/gtautomoveislimeira.com.br\/#organization","name":"gtautomoveis","url":"https:\/\/gtautomoveislimeira.com.br\/","logo":{"@type":"ImageObject","inLanguage":"pt-BR","@id":"https:\/\/gtautomoveislimeira.com.br\/#\/schema\/logo\/image\/","url":"https:\/\/gtautomoveislimeira.com.br\/wp-content\/uploads\/2023\/03\/Design-sem-nome-e1653954456182-768x768-1.png","contentUrl":"https:\/\/gtautomoveislimeira.com.br\/wp-content\/uploads\/2023\/03\/Design-sem-nome-e1653954456182-768x768-1.png","width":768,"height":768,"caption":"gtautomoveis"},"image":{"@id":"https:\/\/gtautomoveislimeira.com.br\/#\/schema\/logo\/image\/"},"sameAs":["https:\/\/www.facebook.com\/people\/Gt-automveis\/100063469242310\/","https:\/\/www.instagram.com\/gt.automoveis_limeira\/"]}]}},"_links":{"self":[{"href":"https:\/\/gtautomoveislimeira.com.br\/index.php\/wp-json\/wp\/v2\/pages\/282","targetHints":{"allow":["GET"]}}],"collection":[{"href":"https:\/\/gtautomoveislimeira.com.br\/index.php\/wp-json\/wp\/v2\/pages"}],"about":[{"href":"https:\/\/gtautomoveislimeira.com.br\/index.php\/wp-json\/wp\/v2\/types\/page"}],"author":[{"embeddable":true,"href":"https:\/\/gtautomoveislimeira.com.br\/index.php\/wp-json\/wp\/v2\/users\/1"}],"replies":[{"embeddable":true,"href":"https:\/\/gtautomoveislimeira.com.br\/index.php\/wp-json\/wp\/v2\/comments?post=282"}],"version-history":[{"count":0,"href":"https:\/\/gtautomoveislimeira.com.br\/index.php\/wp-json\/wp\/v2\/pages\/282\/revisions"}],"wp:attachment":[{"href":"https:\/\/gtautomoveislimeira.com.br\/index.php\/wp-json\/wp\/v2\/media?parent=282"}],"curies":[{"name":"wp","href":"https:\/\/api.w.org\/{rel}","templated":true}]}}