{"id":22112,"date":"2026-04-13T16:37:52","date_gmt":"2026-04-13T19:37:52","guid":{"rendered":"https:\/\/gtautomoveislimeira.com.br\/index.php\/produto\/fusion-titanium-2-0-gtdi-eco-awd-aut-2\/"},"modified":"2026-04-14T15:30:37","modified_gmt":"2026-04-14T18:30:37","slug":"fusion-titanium-2-0-gtdi-eco-awd-aut-2","status":"publish","type":"product","link":"https:\/\/gtautomoveislimeira.com.br\/index.php\/produto\/fusion-titanium-2-0-gtdi-eco-awd-aut-2\/","title":{"rendered":"Fusion Titanium 2.0 GTDI Eco. Awd Aut."},"content":{"rendered":"<p><strong>Opcionais<\/strong>: <br \/>Airbag motorista<br \/>Airbag passageiro<br \/>Alarme<br \/>Ar Condicionado Digital<br \/>Ar Quente<br \/>Banco do Motorista com regulagem de altura<br \/>Banco do motorista el\u00e9trico<br \/>Banco traseiro rebat\u00edvel<br \/>Bancos de Couro<br \/>Bot\u00e3o Start\/Stop<br \/>C\u00e2mera de R\u00e9<br \/>Chave C\u00f3pia<br \/>Chave de Presen\u00e7a<br \/>Chave Reserva<br \/>Computador de Bordo<br \/>Controle de som no volante<br \/>Controle de tra\u00e7\u00e3o<br \/>Desemba\u00e7ador Traseiro<br \/>Dire\u00e7\u00e3o Hidr\u00e1ulica<br \/>Encosto cab. traseiro<br \/>Estaciona sozinho<br \/>Farol de Milha<br \/>Freios ABS<br \/>IPVA pago<br \/>Kit Multim\u00eddia<br \/>Manual do propriet\u00e1rio<br \/>Painel colorido<br \/>Parachoque na Cor<br \/>Partida na chave<br \/>Piloto Autom\u00e1tico<br \/>Porta copos<br \/>R\u00e1dio com Bluetooth<br \/>Regulagem de Volante<br \/>Retrovisores el\u00e9tricos<br \/>Rodas de liga leve<br \/>Teto Solar<br \/>Tra\u00e7\u00e3o 4&#215;4<br \/>Travas El\u00e9tricas<br \/>Turbo<br \/>Vidros el\u00e9tricos<\/p>\n","protected":false},"excerpt":{"rendered":"<p>Opcionais: Airbag motoristaAirbag passageiroAlarmeAr Condicionado DigitalAr QuenteBanco do Motorista com regulagem de alturaBanco do motorista el\u00e9tricoBanco traseiro rebat\u00edvelBancos de CouroBot\u00e3o Start\/StopC\u00e2mera de R\u00e9Chave C\u00f3piaChave de Presen\u00e7aChave ReservaComputador de BordoControle de som no volanteControle de tra\u00e7\u00e3oDesemba\u00e7ador TraseiroDire\u00e7\u00e3o Hidr\u00e1ulicaEncosto cab. traseiroEstaciona sozinhoFarol de MilhaFreios ABSIPVA pagoKit Multim\u00eddiaManual do propriet\u00e1rioPainel coloridoParachoque na CorPartida na chavePiloto Autom\u00e1ticoPorta coposR\u00e1dio com [&hellip;]<\/p>\n","protected":false},"featured_media":22113,"comment_status":"open","ping_status":"closed","template":"","meta":{"_joinchat":[]},"product_brand":[],"product_cat":[22],"product_tag":[],"class_list":{"0":"post-22112","1":"product","2":"type-product","3":"status-publish","4":"has-post-thumbnail","6":"product_cat-sem-categoria","8":"first","9":"instock","10":"shipping-taxable","11":"purchasable","12":"product-type-simple"},"yoast_head":"<!-- This site is optimized with the Yoast SEO Premium plugin v18.6 (Yoast SEO v27.4) - https:\/\/yoast.com\/product\/yoast-seo-premium-wordpress\/ -->\n<title>Fusion Titanium 2.0 GTDI Eco. Awd Aut. - gtautomoveis<\/title>\n<meta name=\"robots\" content=\"index, follow, max-snippet:-1, max-image-preview:large, max-video-preview:-1\" \/>\n<link rel=\"canonical\" href=\"https:\/\/gtautomoveislimeira.com.br\/index.php\/produto\/fusion-titanium-2-0-gtdi-eco-awd-aut-2\/\" \/>\n<meta property=\"og:locale\" content=\"pt_BR\" \/>\n<meta property=\"og:type\" content=\"article\" \/>\n<meta property=\"og:title\" content=\"Fusion Titanium 2.0 GTDI Eco. Awd Aut.\" \/>\n<meta property=\"og:description\" content=\"Opcionais: Airbag motoristaAirbag passageiroAlarmeAr Condicionado DigitalAr QuenteBanco do Motorista com regulagem de alturaBanco do motorista el\u00e9tricoBanco traseiro rebat\u00edvelBancos de CouroBot\u00e3o Start\/StopC\u00e2mera de R\u00e9Chave C\u00f3piaChave de Presen\u00e7aChave ReservaComputador de BordoControle de som no volanteControle de tra\u00e7\u00e3oDesemba\u00e7ador TraseiroDire\u00e7\u00e3o Hidr\u00e1ulicaEncosto cab. traseiroEstaciona sozinhoFarol de MilhaFreios ABSIPVA pagoKit Multim\u00eddiaManual do propriet\u00e1rioPainel coloridoParachoque na CorPartida na chavePiloto Autom\u00e1ticoPorta coposR\u00e1dio com [&hellip;]\" \/>\n<meta property=\"og:url\" content=\"https:\/\/gtautomoveislimeira.com.br\/index.php\/produto\/fusion-titanium-2-0-gtdi-eco-awd-aut-2\/\" \/>\n<meta property=\"og:site_name\" content=\"gtautomoveis\" \/>\n<meta property=\"article:publisher\" content=\"https:\/\/www.facebook.com\/people\/Gt-automveis\/100063469242310\/\" \/>\n<meta property=\"article:modified_time\" content=\"2026-04-14T18:30:37+00:00\" \/>\n<meta name=\"twitter:card\" content=\"summary_large_image\" \/>\n<script type=\"application\/ld+json\" class=\"yoast-schema-graph\">{\"@context\":\"https:\\\/\\\/schema.org\",\"@graph\":[{\"@type\":\"WebPage\",\"@id\":\"https:\\\/\\\/gtautomoveislimeira.com.br\\\/index.php\\\/produto\\\/fusion-titanium-2-0-gtdi-eco-awd-aut-2\\\/\",\"url\":\"https:\\\/\\\/gtautomoveislimeira.com.br\\\/index.php\\\/produto\\\/fusion-titanium-2-0-gtdi-eco-awd-aut-2\\\/\",\"name\":\"Fusion Titanium 2.0 GTDI Eco. Awd Aut. - gtautomoveis\",\"isPartOf\":{\"@id\":\"https:\\\/\\\/gtautomoveislimeira.com.br\\\/#website\"},\"primaryImageOfPage\":{\"@id\":\"https:\\\/\\\/gtautomoveislimeira.com.br\\\/index.php\\\/produto\\\/fusion-titanium-2-0-gtdi-eco-awd-aut-2\\\/#primaryimage\"},\"image\":{\"@id\":\"https:\\\/\\\/gtautomoveislimeira.com.br\\\/index.php\\\/produto\\\/fusion-titanium-2-0-gtdi-eco-awd-aut-2\\\/#primaryimage\"},\"thumbnailUrl\":\"https:\\\/\\\/gtautomoveislimeira.com.br\\\/wp-content\\\/uploads\\\/2026\\\/04\\\/gb-bb73def-1.jpeg\",\"datePublished\":\"2026-04-13T19:37:52+00:00\",\"dateModified\":\"2026-04-14T18:30:37+00:00\",\"breadcrumb\":{\"@id\":\"https:\\\/\\\/gtautomoveislimeira.com.br\\\/index.php\\\/produto\\\/fusion-titanium-2-0-gtdi-eco-awd-aut-2\\\/#breadcrumb\"},\"inLanguage\":\"pt-BR\",\"potentialAction\":[{\"@type\":\"ReadAction\",\"target\":[\"https:\\\/\\\/gtautomoveislimeira.com.br\\\/index.php\\\/produto\\\/fusion-titanium-2-0-gtdi-eco-awd-aut-2\\\/\"]}]},{\"@type\":\"ImageObject\",\"inLanguage\":\"pt-BR\",\"@id\":\"https:\\\/\\\/gtautomoveislimeira.com.br\\\/index.php\\\/produto\\\/fusion-titanium-2-0-gtdi-eco-awd-aut-2\\\/#primaryimage\",\"url\":\"https:\\\/\\\/gtautomoveislimeira.com.br\\\/wp-content\\\/uploads\\\/2026\\\/04\\\/gb-bb73def-1.jpeg\",\"contentUrl\":\"https:\\\/\\\/gtautomoveislimeira.com.br\\\/wp-content\\\/uploads\\\/2026\\\/04\\\/gb-bb73def-1.jpeg\",\"width\":1024,\"height\":1024},{\"@type\":\"BreadcrumbList\",\"@id\":\"https:\\\/\\\/gtautomoveislimeira.com.br\\\/index.php\\\/produto\\\/fusion-titanium-2-0-gtdi-eco-awd-aut-2\\\/#breadcrumb\",\"itemListElement\":[{\"@type\":\"ListItem\",\"position\":1,\"name\":\"In\u00edcio\",\"item\":\"https:\\\/\\\/gtautomoveislimeira.com.br\\\/\"},{\"@type\":\"ListItem\",\"position\":2,\"name\":\"Loja\",\"item\":\"https:\\\/\\\/gtautomoveislimeira.com.br\\\/index.php\\\/loja\\\/\"},{\"@type\":\"ListItem\",\"position\":3,\"name\":\"Fusion Titanium 2.0 GTDI Eco. Awd Aut.\"}]},{\"@type\":\"WebSite\",\"@id\":\"https:\\\/\\\/gtautomoveislimeira.com.br\\\/#website\",\"url\":\"https:\\\/\\\/gtautomoveislimeira.com.br\\\/\",\"name\":\"gtautomoveis\",\"description\":\"\",\"publisher\":{\"@id\":\"https:\\\/\\\/gtautomoveislimeira.com.br\\\/#organization\"},\"potentialAction\":[{\"@type\":\"SearchAction\",\"target\":{\"@type\":\"EntryPoint\",\"urlTemplate\":\"https:\\\/\\\/gtautomoveislimeira.com.br\\\/?s={search_term_string}\"},\"query-input\":{\"@type\":\"PropertyValueSpecification\",\"valueRequired\":true,\"valueName\":\"search_term_string\"}}],\"inLanguage\":\"pt-BR\"},{\"@type\":\"Organization\",\"@id\":\"https:\\\/\\\/gtautomoveislimeira.com.br\\\/#organization\",\"name\":\"gtautomoveis\",\"url\":\"https:\\\/\\\/gtautomoveislimeira.com.br\\\/\",\"logo\":{\"@type\":\"ImageObject\",\"inLanguage\":\"pt-BR\",\"@id\":\"https:\\\/\\\/gtautomoveislimeira.com.br\\\/#\\\/schema\\\/logo\\\/image\\\/\",\"url\":\"https:\\\/\\\/gtautomoveislimeira.com.br\\\/wp-content\\\/uploads\\\/2023\\\/03\\\/Design-sem-nome-e1653954456182-768x768-1.png\",\"contentUrl\":\"https:\\\/\\\/gtautomoveislimeira.com.br\\\/wp-content\\\/uploads\\\/2023\\\/03\\\/Design-sem-nome-e1653954456182-768x768-1.png\",\"width\":768,\"height\":768,\"caption\":\"gtautomoveis\"},\"image\":{\"@id\":\"https:\\\/\\\/gtautomoveislimeira.com.br\\\/#\\\/schema\\\/logo\\\/image\\\/\"},\"sameAs\":[\"https:\\\/\\\/www.facebook.com\\\/people\\\/Gt-automveis\\\/100063469242310\\\/\",\"https:\\\/\\\/www.instagram.com\\\/gt.automoveis_limeira\\\/\"]}]}<\/script>\n<!-- \/ Yoast SEO Premium plugin. -->","yoast_head_json":{"title":"Fusion Titanium 2.0 GTDI Eco. Awd Aut. - gtautomoveis","robots":{"index":"index","follow":"follow","max-snippet":"max-snippet:-1","max-image-preview":"max-image-preview:large","max-video-preview":"max-video-preview:-1"},"canonical":"https:\/\/gtautomoveislimeira.com.br\/index.php\/produto\/fusion-titanium-2-0-gtdi-eco-awd-aut-2\/","og_locale":"pt_BR","og_type":"article","og_title":"Fusion Titanium 2.0 GTDI Eco. Awd Aut.","og_description":"Opcionais: Airbag motoristaAirbag passageiroAlarmeAr Condicionado DigitalAr QuenteBanco do Motorista com regulagem de alturaBanco do motorista el\u00e9tricoBanco traseiro rebat\u00edvelBancos de CouroBot\u00e3o Start\/StopC\u00e2mera de R\u00e9Chave C\u00f3piaChave de Presen\u00e7aChave ReservaComputador de BordoControle de som no volanteControle de tra\u00e7\u00e3oDesemba\u00e7ador TraseiroDire\u00e7\u00e3o Hidr\u00e1ulicaEncosto cab. traseiroEstaciona sozinhoFarol de MilhaFreios ABSIPVA pagoKit Multim\u00eddiaManual do propriet\u00e1rioPainel coloridoParachoque na CorPartida na chavePiloto Autom\u00e1ticoPorta coposR\u00e1dio com [&hellip;]","og_url":"https:\/\/gtautomoveislimeira.com.br\/index.php\/produto\/fusion-titanium-2-0-gtdi-eco-awd-aut-2\/","og_site_name":"gtautomoveis","article_publisher":"https:\/\/www.facebook.com\/people\/Gt-automveis\/100063469242310\/","article_modified_time":"2026-04-14T18:30:37+00:00","twitter_card":"summary_large_image","schema":{"@context":"https:\/\/schema.org","@graph":[{"@type":"WebPage","@id":"https:\/\/gtautomoveislimeira.com.br\/index.php\/produto\/fusion-titanium-2-0-gtdi-eco-awd-aut-2\/","url":"https:\/\/gtautomoveislimeira.com.br\/index.php\/produto\/fusion-titanium-2-0-gtdi-eco-awd-aut-2\/","name":"Fusion Titanium 2.0 GTDI Eco. Awd Aut. - gtautomoveis","isPartOf":{"@id":"https:\/\/gtautomoveislimeira.com.br\/#website"},"primaryImageOfPage":{"@id":"https:\/\/gtautomoveislimeira.com.br\/index.php\/produto\/fusion-titanium-2-0-gtdi-eco-awd-aut-2\/#primaryimage"},"image":{"@id":"https:\/\/gtautomoveislimeira.com.br\/index.php\/produto\/fusion-titanium-2-0-gtdi-eco-awd-aut-2\/#primaryimage"},"thumbnailUrl":"https:\/\/gtautomoveislimeira.com.br\/wp-content\/uploads\/2026\/04\/gb-bb73def-1.jpeg","datePublished":"2026-04-13T19:37:52+00:00","dateModified":"2026-04-14T18:30:37+00:00","breadcrumb":{"@id":"https:\/\/gtautomoveislimeira.com.br\/index.php\/produto\/fusion-titanium-2-0-gtdi-eco-awd-aut-2\/#breadcrumb"},"inLanguage":"pt-BR","potentialAction":[{"@type":"ReadAction","target":["https:\/\/gtautomoveislimeira.com.br\/index.php\/produto\/fusion-titanium-2-0-gtdi-eco-awd-aut-2\/"]}]},{"@type":"ImageObject","inLanguage":"pt-BR","@id":"https:\/\/gtautomoveislimeira.com.br\/index.php\/produto\/fusion-titanium-2-0-gtdi-eco-awd-aut-2\/#primaryimage","url":"https:\/\/gtautomoveislimeira.com.br\/wp-content\/uploads\/2026\/04\/gb-bb73def-1.jpeg","contentUrl":"https:\/\/gtautomoveislimeira.com.br\/wp-content\/uploads\/2026\/04\/gb-bb73def-1.jpeg","width":1024,"height":1024},{"@type":"BreadcrumbList","@id":"https:\/\/gtautomoveislimeira.com.br\/index.php\/produto\/fusion-titanium-2-0-gtdi-eco-awd-aut-2\/#breadcrumb","itemListElement":[{"@type":"ListItem","position":1,"name":"In\u00edcio","item":"https:\/\/gtautomoveislimeira.com.br\/"},{"@type":"ListItem","position":2,"name":"Loja","item":"https:\/\/gtautomoveislimeira.com.br\/index.php\/loja\/"},{"@type":"ListItem","position":3,"name":"Fusion Titanium 2.0 GTDI Eco. Awd Aut."}]},{"@type":"WebSite","@id":"https:\/\/gtautomoveislimeira.com.br\/#website","url":"https:\/\/gtautomoveislimeira.com.br\/","name":"gtautomoveis","description":"","publisher":{"@id":"https:\/\/gtautomoveislimeira.com.br\/#organization"},"potentialAction":[{"@type":"SearchAction","target":{"@type":"EntryPoint","urlTemplate":"https:\/\/gtautomoveislimeira.com.br\/?s={search_term_string}"},"query-input":{"@type":"PropertyValueSpecification","valueRequired":true,"valueName":"search_term_string"}}],"inLanguage":"pt-BR"},{"@type":"Organization","@id":"https:\/\/gtautomoveislimeira.com.br\/#organization","name":"gtautomoveis","url":"https:\/\/gtautomoveislimeira.com.br\/","logo":{"@type":"ImageObject","inLanguage":"pt-BR","@id":"https:\/\/gtautomoveislimeira.com.br\/#\/schema\/logo\/image\/","url":"https:\/\/gtautomoveislimeira.com.br\/wp-content\/uploads\/2023\/03\/Design-sem-nome-e1653954456182-768x768-1.png","contentUrl":"https:\/\/gtautomoveislimeira.com.br\/wp-content\/uploads\/2023\/03\/Design-sem-nome-e1653954456182-768x768-1.png","width":768,"height":768,"caption":"gtautomoveis"},"image":{"@id":"https:\/\/gtautomoveislimeira.com.br\/#\/schema\/logo\/image\/"},"sameAs":["https:\/\/www.facebook.com\/people\/Gt-automveis\/100063469242310\/","https:\/\/www.instagram.com\/gt.automoveis_limeira\/"]}]}},"_links":{"self":[{"href":"https:\/\/gtautomoveislimeira.com.br\/index.php\/wp-json\/wp\/v2\/product\/22112","targetHints":{"allow":["GET"]}}],"collection":[{"href":"https:\/\/gtautomoveislimeira.com.br\/index.php\/wp-json\/wp\/v2\/product"}],"about":[{"href":"https:\/\/gtautomoveislimeira.com.br\/index.php\/wp-json\/wp\/v2\/types\/product"}],"replies":[{"embeddable":true,"href":"https:\/\/gtautomoveislimeira.com.br\/index.php\/wp-json\/wp\/v2\/comments?post=22112"}],"wp:featuredmedia":[{"embeddable":true,"href":"https:\/\/gtautomoveislimeira.com.br\/index.php\/wp-json\/wp\/v2\/media\/22113"}],"wp:attachment":[{"href":"https:\/\/gtautomoveislimeira.com.br\/index.php\/wp-json\/wp\/v2\/media?parent=22112"}],"wp:term":[{"taxonomy":"product_brand","embeddable":true,"href":"https:\/\/gtautomoveislimeira.com.br\/index.php\/wp-json\/wp\/v2\/product_brand?post=22112"},{"taxonomy":"product_cat","embeddable":true,"href":"https:\/\/gtautomoveislimeira.com.br\/index.php\/wp-json\/wp\/v2\/product_cat?post=22112"},{"taxonomy":"product_tag","embeddable":true,"href":"https:\/\/gtautomoveislimeira.com.br\/index.php\/wp-json\/wp\/v2\/product_tag?post=22112"}],"curies":[{"name":"wp","href":"https:\/\/api.w.org\/{rel}","templated":true}]}}